{"id":626,"date":"2016-11-29T20:03:22","date_gmt":"2016-11-29T19:03:22","guid":{"rendered":"http:\/\/www.degolfbreker.nl\/zoutelande\/de\/?page_id=626"},"modified":"2024-01-18T12:36:57","modified_gmt":"2024-01-18T11:36:57","slug":"bungalow-typ-3","status":"publish","type":"page","link":"https:\/\/degolfbreker.nl\/de\/bungalows-2\/bungalow-typ-3\/","title":{"rendered":"Bungalow Typ 3"},"content":{"rendered":"<p>Bungalow Typ 3<br \/>4-Personen-Ferienhaus<br \/>Technische Daten:<br \/>Allgemein<br \/>&#8211; Bungalow<br \/>&#8211; Oberfl\u00e4che ca. 45 m2<br \/>Wohnzimmer<br \/>&#8211; Lounge-und Essbereich<br \/>&#8211; TV<br \/>&#8211; Zentralheizung<br \/>K\u00fcche<br \/>&#8211; Offene K\u00fcche<br \/>&#8211; Kombi-Mikrowelle<br \/>&#8211; Kaffeemaschine<br \/>&#8211; Wasserkocher<br \/>&#8211; Sp\u00fclmaschine<\/p>\r\n<p><br \/>Schlafzimmer<br \/>&#8211; Ein Schlafzimmer mit einem Doppelbett und ein Schlafzimmer mit zwei Einzelbetten<br \/>&#8211; <span class=\"tlid-translation translation\" lang=\"de\"><span class=\"\" title=\"\">Beide Schlafzimmer haben eine Zentralheizung<\/span><\/span><br \/>&#8211; Alle Betten sind mit Deckbetten und Kissen versehen<br \/>Sanit\u00e4r<br \/>&#8211; Badezimmer mit Dusche und WC<\/p>\r\n<p>Ausserdem<br \/>&#8211; Terrasse mit Gartenm\u00f6beln<br \/>&#8211; Sonnenschirm<br \/>&#8211;\u00a0<strong>Frei<\/strong>\u00a0WLAN<br \/>&#8211; Einen Parkplatz auf dem allgemeinen Parkplatz<\/p>\r\n<h5>Preis auf Anfrage<\/h5>\r\n<ul>\r\n<li>Die Preise sind inklusive Gas, Wasser und Strom<\/li>\r\n<li>exklusive Kurtaxe \u20ac 2,10 pro Person \/ pro Nacht und der Reinigungsgeb\u00fchr in H\u00f6he von \u00a0\u20ac 75, -.<\/li>\r\n<li>Wir vermieten Kinderst\u00fchle und Kinderbetten f\u00fcr \u20ac 7, &#8211; pro Woche. Letztere sind nicht mit einem Deckbett versehen.<\/li>\r\n<li>Ein Haustier ist erlaubt, welches mit einer Geb\u00fchr von \u20ac 35, &#8211; pro Woche berechnet wird.<\/li>\r\n<\/ul>\r\n<p><script type=\"text\/javascript\" src=\"https:\/\/www.vakantiehuisnu.nl\/verwalten\/widgets\/widgets.js?id=373945&amp;lang=7&amp;months=12&amp;preview=36\"><\/script><\/p>\r\n<div id=\"ferienhausmiete-nl-widget4-373945\"><a href=\"https:\/\/www.vakantiehuisnu.nl\/373945.htm\" target=\"_blank\" rel=\"noopener\">Zeeuwse Knop<\/a><\/div>\r\n","protected":false},"excerpt":{"rendered":"<p>Bungalow Typ 34-Personen-FerienhausTechnische Daten:Allgemein&#8211; Bungalow&#8211; Oberfl\u00e4che ca. 45 m2Wohnzimmer&#8211; Lounge-und Essbereich&#8211; TV&#8211; ZentralheizungK\u00fcche&#8211; Offene K\u00fcche&#8211; Kombi-Mikrowelle&#8211; Kaffeemaschine&#8211; Wasserkocher&#8211; Sp\u00fclmaschine Schlafzimmer&#8211; Ein Schlafzimmer mit einem Doppelbett und ein Schlafzimmer mit zwei Einzelbetten&#8211; Beide Schlafzimmer haben eine Zentralheizung&#8211; Alle Betten sind mit Deckbetten und Kissen versehenSanit\u00e4r&#8211; Badezimmer mit Dusche und WC Ausserdem&#8211; Terrasse mit Gartenm\u00f6beln&#8211; Sonnenschirm&#8211;\u00a0Frei\u00a0WLAN&#8211; Einen Parkplatz auf dem allgemeinen Parkplatz &#8230; <\/p>\n<div><a href=\"https:\/\/degolfbreker.nl\/de\/bungalows-2\/bungalow-typ-3\/\" class=\"more-link\">Read More<\/a><\/div>\n","protected":false},"author":1,"featured_media":0,"parent":287,"menu_order":0,"comment_status":"closed","ping_status":"closed","template":"template-layout-full-width.php","meta":{"footnotes":""},"class_list":["post-626","page","type-page","status-publish","hentry","no-post-thumbnail"],"_links":{"self":[{"href":"https:\/\/degolfbreker.nl\/de\/wp-json\/wp\/v2\/pages\/626","targetHints":{"allow":["GET"]}}],"collection":[{"href":"https:\/\/degolfbreker.nl\/de\/wp-json\/wp\/v2\/pages"}],"about":[{"href":"https:\/\/degolfbreker.nl\/de\/wp-json\/wp\/v2\/types\/page"}],"author":[{"embeddable":true,"href":"https:\/\/degolfbreker.nl\/de\/wp-json\/wp\/v2\/users\/1"}],"replies":[{"embeddable":true,"href":"https:\/\/degolfbreker.nl\/de\/wp-json\/wp\/v2\/comments?post=626"}],"version-history":[{"count":3,"href":"https:\/\/degolfbreker.nl\/de\/wp-json\/wp\/v2\/pages\/626\/revisions"}],"predecessor-version":[{"id":7134,"href":"https:\/\/degolfbreker.nl\/de\/wp-json\/wp\/v2\/pages\/626\/revisions\/7134"}],"up":[{"embeddable":true,"href":"https:\/\/degolfbreker.nl\/de\/wp-json\/wp\/v2\/pages\/287"}],"wp:attachment":[{"href":"https:\/\/degolfbreker.nl\/de\/wp-json\/wp\/v2\/media?parent=626"}],"curies":[{"name":"wp","href":"https:\/\/api.w.org\/{rel}","templated":true}]}}