{"id":315,"date":"2014-01-27T19:43:41","date_gmt":"2014-01-27T18:43:41","guid":{"rendered":"http:\/\/www.degolfbreker.nl\/zoutelande\/?page_id=315"},"modified":"2026-02-06T14:28:08","modified_gmt":"2026-02-06T13:28:08","slug":"bungalow-typ-2","status":"publish","type":"page","link":"https:\/\/degolfbreker.nl\/de\/bungalows-2\/bungalow-typ-2\/","title":{"rendered":"Bungalow Typ 2"},"content":{"rendered":"<p>Bungalow Typ 2<\/p>\n<p>4-Personen-Ferienhaus<\/p>\n<p>Technische Daten:<br \/>\nAllgemein<br \/>\n&#8211; Bungalow<br \/>\n&#8211; Oberfl\u00e4che ca. 36 m2<\/p>\n<p>Wohnzimmer<br \/>\n&#8211; Lounge-und Essbereich<br \/>\n&#8211; TV<br \/>\n&#8211; Zentralheizung<\/p>\n<p>K\u00fcche<br \/>\n&#8211; Offene K\u00fcche<br \/>\n&#8211; Kombi-Mikrowelle<br \/>\n&#8211; Kaffeemaschine und Senseo<br \/>\n&#8211; Sp\u00fclmaschine<br \/>\n&#8211; Wasserkocher<\/p>\n<p>Schlafzimmer<br \/>\n&#8211; Ein Schlafzimmer mit einem Doppelbett und ein Schlafzimmer mit einen 2 bett<br \/>\n&#8211; Alle Betten sind mit Deckbetten und Kissen versehen<\/p>\n<p>Sanit\u00e4r<br \/>\n&#8211; Badezimmer mit Dusche und WC<\/p>\n<p>Ausserdem<br \/>\n&#8211; Terrasse mit Gartenm\u00f6beln<br \/>\n&#8211; Sonnenschirm<br \/>\n&#8211; <strong>Frei<\/strong> WLAN<br \/>\n&#8211; Ein Parkplatz auf dem allgemeinen Parkplatz<\/p>\n<h5>Preis auf Anfrage<\/h5>\n<ul>\n<li>Die Preise sind inklusive Gas, Wasser und Strom<\/li>\n<li>exklusive Kurtaxe \u20ac 2,50 pro Person \/ pro Nacht und der Reinigungsgeb\u00fchr in H\u00f6he von \u00a0\u20ac 80,-.<\/li>\n<li>Wir vermieten Kinderst\u00fchle und Kinderbetten f\u00fcr \u20ac 7, &#8211; pro Woche. Letztere sind nicht mit einem Deckbett versehen.<\/li>\n<li>Ein Haustier ist erlaubt, welches mit einer Geb\u00fchr von \u20ac 40, &#8211; pro Woche berechnet wird.<\/li>\n<\/ul>\n<p><script type=\"text\/javascript\" src=\"https:\/\/www.vakantiehuisnu.nl\/verwalten\/widgets\/widgets.js?id=327355&amp;lang=7&amp;months=12&amp;preview=36\"><\/script><\/p>\n<div id=\"ferienhausmiete-nl-widget4-327355\"><a href=\"https:\/\/www.vakantiehuisnu.nl\/327355.htm\" target=\"_blank\" rel=\"noopener\">Houtsnip<\/a><\/div>\n","protected":false},"excerpt":{"rendered":"<p>Bungalow Typ 2 4-Personen-Ferienhaus Technische Daten: Allgemein &#8211; Bungalow &#8211; Oberfl\u00e4che ca. 36 m2 Wohnzimmer &#8211; Lounge-und Essbereich &#8211; TV &#8211; Zentralheizung K\u00fcche &#8211; Offene K\u00fcche &#8211; Kombi-Mikrowelle &#8211; Kaffeemaschine und Senseo &#8211; Sp\u00fclmaschine &#8211; Wasserkocher Schlafzimmer &#8211; Ein Schlafzimmer mit einem Doppelbett und ein Schlafzimmer mit einen 2 bett &#8211; Alle Betten sind mit Deckbetten und Kissen versehen Sanit\u00e4r &#8230; <\/p>\n<div><a href=\"https:\/\/degolfbreker.nl\/de\/bungalows-2\/bungalow-typ-2\/\" class=\"more-link\">Read More<\/a><\/div>\n","protected":false},"author":1,"featured_media":0,"parent":287,"menu_order":0,"comment_status":"closed","ping_status":"closed","template":"template-layout-full-width.php","meta":{"footnotes":""},"class_list":["post-315","page","type-page","status-publish","hentry","no-post-thumbnail"],"_links":{"self":[{"href":"https:\/\/degolfbreker.nl\/de\/wp-json\/wp\/v2\/pages\/315","targetHints":{"allow":["GET"]}}],"collection":[{"href":"https:\/\/degolfbreker.nl\/de\/wp-json\/wp\/v2\/pages"}],"about":[{"href":"https:\/\/degolfbreker.nl\/de\/wp-json\/wp\/v2\/types\/page"}],"author":[{"embeddable":true,"href":"https:\/\/degolfbreker.nl\/de\/wp-json\/wp\/v2\/users\/1"}],"replies":[{"embeddable":true,"href":"https:\/\/degolfbreker.nl\/de\/wp-json\/wp\/v2\/comments?post=315"}],"version-history":[{"count":3,"href":"https:\/\/degolfbreker.nl\/de\/wp-json\/wp\/v2\/pages\/315\/revisions"}],"predecessor-version":[{"id":7133,"href":"https:\/\/degolfbreker.nl\/de\/wp-json\/wp\/v2\/pages\/315\/revisions\/7133"}],"up":[{"embeddable":true,"href":"https:\/\/degolfbreker.nl\/de\/wp-json\/wp\/v2\/pages\/287"}],"wp:attachment":[{"href":"https:\/\/degolfbreker.nl\/de\/wp-json\/wp\/v2\/media?parent=315"}],"curies":[{"name":"wp","href":"https:\/\/api.w.org\/{rel}","templated":true}]}}