{"id":307,"date":"2014-01-27T19:43:13","date_gmt":"2014-01-27T18:43:13","guid":{"rendered":"http:\/\/www.degolfbreker.nl\/zoutelande\/?page_id=307"},"modified":"2026-02-06T14:26:43","modified_gmt":"2026-02-06T13:26:43","slug":"bungalow-typ-1ac","status":"publish","type":"page","link":"https:\/\/degolfbreker.nl\/de\/bungalows-2\/bungalow-typ-1ac\/","title":{"rendered":"Bungalow Typ 1AC"},"content":{"rendered":"<h2>6-Personen-Ferienhaus<\/h2>\n<p>Technische Daten:<\/p>\n<p><strong>Allgemein<\/strong><\/p>\n<p>&#8211; Bungalow<br \/>\n&#8211; Oberfl\u00e4che ca. 45 m2<br \/>\n&#8211; Zentralheizung<\/p>\n<p><strong>Wohnzimmer<\/strong><\/p>\n<p>&#8211; Lounge-und Essbereich<br \/>\n&#8211; Breitbild-TV<br \/>\n&#8211; Zentralheizung<\/p>\n<p><strong>K\u00fcche<\/strong><\/p>\n<p>&#8211; Offene K\u00fcche<br \/>\n&#8211; Kombi-Mikrowelle<br \/>\n&#8211; Sp\u00fclmaschine<br \/>\n&#8211; Kaffeemaschine und Senseo<br \/>\n&#8211; Wasserkocher<\/p>\n<p><strong>Schlafzimmer<\/strong><\/p>\n<p>&#8211; Ein Schlafzimmer mit einem Doppelbett und Waschbecken<br \/>\n&#8211; Zwei Schlafzimmer mit zwei Einzelbetten, eines mit Waschbecken<br \/>\n&#8211; Die drei Schlafzimmer haben Zentralheizung<br \/>\n&#8211; Alle Betten sind mit Deckbetten und Kissen versehen<\/p>\n<p><strong>Sanit\u00e4r<\/strong><\/p>\n<p>&#8211; Badezimmer mit Dusche und WC<br \/>\n&#8211; Ein zus\u00e4tzliches WC im Erdgeschoss<\/p>\n<p><strong>Ausserdem<\/strong><\/p>\n<p>&#8211; Terrasse mit Gartenm\u00f6beln<br \/>\n&#8211; Sonnenschirm<br \/>\n&#8211; <strong>Frei<\/strong> WLAN<br \/>\n&#8211; Ein Parkplatz auf dem allgemeinen Parkplatz<\/p>\n<h5><span class=\"tlid-translation translation\" lang=\"de\"><span class=\"\" title=\"\">Preis auf Anfrage<\/span><\/span><\/h5>\n<div style=\"margin-left: 15px; margin-top: 10px; margin-bottom: 10px;\">\n<ul>\n<li>\u00a0Die Preise sind inklusive Gas, Wasser und Strom<\/li>\n<li>\u00a0exklusive Kurtaxe \u20ac 2,50 pro Person \/ pro Nacht und der obligatorischen Reinigungsgeb\u00fchr in H\u00f6he von \u20ac 95, -.<\/li>\n<li>\u00a0Wir vermieten Kinderst\u00fchle und Kinderbetten f\u00fcr \u20ac 7, &#8211; pro Woche. Letztere sind nicht mit einem Deckbett versehen.<\/li>\n<li>Zwei Haustiere sind erlaubt, daf\u00fcr wird eine Geb\u00fchr von 40 \u20ac pro Hund pro Woche berechnet.<\/li>\n<\/ul>\n<\/div>\n<h2><\/h2>\n<p><script type=\"text\/javascript\" src=\"https:\/\/www.vakantiehuisnu.nl\/verwalten\/widgets\/widgets.js?id=373949&amp;lang=7&amp;months=12&amp;preview=36\"><\/script><\/p>\n<div id=\"ferienhausmiete-nl-widget4-373949\"><a href=\"https:\/\/www.vakantiehuisnu.nl\/373949.htm\" target=\"_blank\" rel=\"noopener\">Golfbreker<\/a><\/div>\n","protected":false},"excerpt":{"rendered":"<p>6-Personen-Ferienhaus Technische Daten: Allgemein &#8211; Bungalow &#8211; Oberfl\u00e4che ca. 45 m2 &#8211; Zentralheizung Wohnzimmer &#8211; Lounge-und Essbereich &#8211; Breitbild-TV &#8211; Zentralheizung K\u00fcche &#8211; Offene K\u00fcche &#8211; Kombi-Mikrowelle &#8211; Sp\u00fclmaschine &#8211; Kaffeemaschine und Senseo &#8211; Wasserkocher Schlafzimmer &#8211; Ein Schlafzimmer mit einem Doppelbett und Waschbecken &#8211; Zwei Schlafzimmer mit zwei Einzelbetten, eines mit Waschbecken &#8211; Die drei Schlafzimmer haben Zentralheizung &#8211; &#8230; <\/p>\n<div><a href=\"https:\/\/degolfbreker.nl\/de\/bungalows-2\/bungalow-typ-1ac\/\" class=\"more-link\">Read More<\/a><\/div>\n","protected":false},"author":1,"featured_media":0,"parent":287,"menu_order":0,"comment_status":"closed","ping_status":"closed","template":"template-layout-full-width.php","meta":{"footnotes":""},"class_list":["post-307","page","type-page","status-publish","hentry","no-post-thumbnail"],"_links":{"self":[{"href":"https:\/\/degolfbreker.nl\/de\/wp-json\/wp\/v2\/pages\/307","targetHints":{"allow":["GET"]}}],"collection":[{"href":"https:\/\/degolfbreker.nl\/de\/wp-json\/wp\/v2\/pages"}],"about":[{"href":"https:\/\/degolfbreker.nl\/de\/wp-json\/wp\/v2\/types\/page"}],"author":[{"embeddable":true,"href":"https:\/\/degolfbreker.nl\/de\/wp-json\/wp\/v2\/users\/1"}],"replies":[{"embeddable":true,"href":"https:\/\/degolfbreker.nl\/de\/wp-json\/wp\/v2\/comments?post=307"}],"version-history":[{"count":5,"href":"https:\/\/degolfbreker.nl\/de\/wp-json\/wp\/v2\/pages\/307\/revisions"}],"predecessor-version":[{"id":7131,"href":"https:\/\/degolfbreker.nl\/de\/wp-json\/wp\/v2\/pages\/307\/revisions\/7131"}],"up":[{"embeddable":true,"href":"https:\/\/degolfbreker.nl\/de\/wp-json\/wp\/v2\/pages\/287"}],"wp:attachment":[{"href":"https:\/\/degolfbreker.nl\/de\/wp-json\/wp\/v2\/media?parent=307"}],"curies":[{"name":"wp","href":"https:\/\/api.w.org\/{rel}","templated":true}]}}