{"id":292,"date":"2014-01-27T19:40:41","date_gmt":"2014-01-27T18:40:41","guid":{"rendered":"http:\/\/www.degolfbreker.nl\/zoutelande\/?page_id=292"},"modified":"2025-01-28T12:56:40","modified_gmt":"2025-01-28T11:56:40","slug":"kontakt","status":"publish","type":"page","link":"https:\/\/degolfbreker.nl\/de\/kontakt\/","title":{"rendered":"Kontakt"},"content":{"rendered":"<div class=\"wpb-content-wrapper\">[vc_row][vc_column width=&#8220;1\/2&#8243;][vc_column_text]Noordendolfer 2b<br \/>\n4374 EJ Zoutelande<br \/>\ntel. 0031-118-561462[\/vc_column_text][\/vc_column][vc_column width=&#8220;1\/2&#8243;][\/vc_column][\/vc_row][vc_row][vc_column width=&#8220;1\/2&#8243;][vc_column_text]<div id=\"lmm_09351de3\" style=\"width:640px;\" class=\"mapsmarker markermap marker-1\">\n<div id=\"lmm_panel_09351de3\" class=\"lmm-panel\" style=\"background:#efefef;\">\n<div id=\"lmm_panel_api_09351de3\" class=\"lmm-panel-api\"><a href=\"https:\/\/maps.google.com\/maps?daddr=Noordendolfer+2%2C+4374+EJ+Zoutelande%2C+Nederland&amp;t=m&amp;layer=1&amp;doflg=ptk&amp;om=0\" target=\"_blank\" title=\"Wegbeschreibung berechnen\"><img loading=\"lazy\" decoding=\"async\" alt=\"icon-car.png\" src=\"https:\/\/degolfbreker.nl\/wp-content\/plugins\/leaflet-maps-marker\/inc\/img\/icon-car.png\" width=\"14\" height=\"14\" class=\"lmm-panel-api-images\" \/><\/a><\/div><div id=\"lmm_panel_text_09351de3\" class=\"lmm-panel-text\" style=\"font-weight:bold;color:#373737;\">De Golfbreker<\/div><\/div>\n<div id=\"lmm_map_09351de3\" class=\"lmm-map\" style=\"background:#f6f6f6;border:1px solid #ccc;height:480px; overflow:hidden;padding:0;\"><p style=\"font-size:80%;color:#9f9e9e;margin-left:5px;\">Karte wird geladen - bitte warten...<noscript><br\/><strong>Karte konnte nicht geladen werden - bitte aktivieren Sie Javascript!<\/strong><br\/><a style=\"text-decoration:none;\" href=\"https:\/\/www.mapsmarker.com\/js-disabled\" target=\"_blank\">&rarr; Weitere Informationen<\/a><\/noscript><\/p><\/div>\n<div id=\"lmm_geo_tags_09351de3\" class=\"lmm-geo-tags geo\">\n<span class=\"paneltext\">De Golfbreker<\/span>\n<span class=\"latitude\">51.498462<\/span>, <span class=\"longitude\">3.496617<\/span>\n<span class=\"popuptext\"><\/span>\n<\/div>\n<\/div>[\/vc_column_text][\/vc_column][vc_column width=&#8220;1\/2&#8243;][\/vc_column][\/vc_row][vc_row][vc_column][vc_column_text]\n<h2>Kontakformular<\/h2>\n[\/vc_column_text]\n<div class=\"wpcf7 no-js\" id=\"wpcf7-f6-o1\" lang=\"nl-NL\" dir=\"ltr\" data-wpcf7-id=\"6\">\n<div class=\"screen-reader-response\"><p role=\"status\" aria-live=\"polite\" aria-atomic=\"true\"><\/p> <ul><\/ul><\/div>\n<form action=\"\/de\/wp-json\/wp\/v2\/pages\/292#wpcf7-f6-o1\" method=\"post\" class=\"wpcf7-form init\" aria-label=\"Contactformulier\" novalidate=\"novalidate\" data-status=\"init\">\n<div style=\"display: none;\">\n<input type=\"hidden\" name=\"_wpcf7\" value=\"6\" \/>\n<input type=\"hidden\" name=\"_wpcf7_version\" value=\"6.0.6\" \/>\n<input type=\"hidden\" name=\"_wpcf7_locale\" value=\"nl_NL_formal\" \/>\n<input type=\"hidden\" name=\"_wpcf7_unit_tag\" value=\"wpcf7-f6-o1\" \/>\n<input type=\"hidden\" name=\"_wpcf7_container_post\" value=\"0\" \/>\n<input type=\"hidden\" name=\"_wpcf7_posted_data_hash\" value=\"\" \/>\n<input type=\"hidden\" name=\"_wpcf7_recaptcha_response\" value=\"\" \/>\n<\/div>\n<p>Uw naam (verplicht)\n<\/p>\n<p><span class=\"wpcf7-form-control-wrap\" data-name=\"your-name\"><input size=\"40\" maxlength=\"400\" class=\"wpcf7-form-control wpcf7-text wpcf7-validates-as-required\" aria-required=\"true\" aria-invalid=\"false\" value=\"\" type=\"text\" name=\"your-name\" \/><\/span>\n<\/p>\n<p>Uw email (verplicht)\n<\/p>\n<p><span class=\"wpcf7-form-control-wrap\" data-name=\"your-email\"><input size=\"40\" maxlength=\"400\" class=\"wpcf7-form-control wpcf7-email wpcf7-validates-as-required wpcf7-text wpcf7-validates-as-email\" aria-required=\"true\" aria-invalid=\"false\" value=\"\" type=\"email\" name=\"your-email\" \/><\/span>\n<\/p>\n<p>Uw telefoonnummer\n<\/p>\n<p><span class=\"wpcf7-form-control-wrap\" data-name=\"your-gsm\"><input size=\"40\" maxlength=\"400\" class=\"wpcf7-form-control wpcf7-text\" aria-invalid=\"false\" value=\"\" type=\"text\" name=\"your-gsm\" \/><\/span>\n<\/p>\n<p>Uw bericht\n<\/p>\n<p><span class=\"wpcf7-form-control-wrap\" data-name=\"your-message\"><textarea cols=\"40\" rows=\"10\" maxlength=\"2000\" class=\"wpcf7-form-control wpcf7-textarea\" aria-invalid=\"false\" name=\"your-message\"><\/textarea><\/span>\n<\/p>\n<p>\n\n<\/p>\n<p><input class=\"wpcf7-form-control wpcf7-submit has-spinner\" type=\"submit\" value=\"Verzenden\" \/>\n<\/p><div class=\"wpcf7-response-output\" aria-hidden=\"true\"><\/div>\n<\/form>\n<\/div>\n[vc_images_carousel images=&#8220;7040,7036&#8243; img_size=&#8220;full&#8220; speed=&#8220;2000&#8243;][\/vc_column][\/vc_row][vc_row][vc_column][vc_column_text css=&#8220;&#8220;]\n<h3>Ankunft\/Abreise<\/h3>\n<p>Die H\u00e4user k\u00f6nnen bei Anreise (Freitag oder Samstag) von 15:00 bis 17:00 Uhr bezogen werden. Bei der Abreise m\u00fcssen Sie das Haus bis sp\u00e4testens 10:00 Uhr verlassen.<\/p>\n<p>Sollte sich herausstellen, dass Sie nicht vor 17:00 Uhr bei uns sein k\u00f6nnen, bitten wir um vorherige telefonische R\u00fccksprache.<\/p>\n<h3>Haftung<\/h3>\n<p>Der Vermieter kann nicht f\u00fcr Sch\u00e4den oder Verlust des Eigentums des Mieters haftbar gemacht werden. Sch\u00e4den an Grundst\u00fcck, Geb\u00e4uden und\/oder Inventar gehen zu Lasten des Mieters. Ihren Abfall, Ihr Papier und Ihr Glas k\u00f6nnen Sie in den daf\u00fcr vorgesehenen Containern am Rande des allgemeinen Parkplatzes deponieren.<\/p>\n<h3>Zahlungen<\/h3>\n<p>Zahlungen k\u00f6nnen an die Bankleitzahl NL 56 RABO 0375502440 \u00fcberwiesen werden. Bungalowvermietung \u201ede Golfbreker\u201c in Zoutelande. Zahlungen aus dem Ausland k\u00f6nnen an BIC Rabonl 2U IBAN-Nummer NL 56 RABO 0375502440 im Namen von Bungalowverhuur \u201ede Golfbreker\u201c \u00fcberwiesen werden.<\/p>\n<h3>Buchungs- und Zahlungsbedingungen:<\/h3>\n<p>Nachdem Sie die Buchung\/Rechnung von uns erhalten haben, m\u00fcssen Sie innerhalb von 2 Wochen 50 % des Mietpreises auf die oben genannte Bankkontonummer \u00fcberweisen.<br \/>\nSie m\u00fcssen den Restbetrag sieben Tage vor dem Anreisedatum bezahlen.<\/p>\n<h3>Reiser\u00fccktrittsversicherung:<\/h3>\n<p>Wir empfehlen Ihnen, eine Reiser\u00fccktrittsversicherung bei Ihrer eigenen Versicherungsgesellschaft abzuschlie\u00dfen.<br \/>\nWenn Sie Ihren Urlaub stornieren m\u00fcssen, m\u00fcssen Sie den gesamten Mietbetrag bezahlen.<\/p>\n<h3>Rezeption<\/h3>\n<p>Unsere Rezeption ist ge\u00f6ffnet am:<\/p>\n<table>\n<tbody>\n<tr>\n<td>Dienstag<\/td>\n<td>09.00 uhr -11.30 uhr<\/td>\n<\/tr>\n<tr>\n<td>Donnerstag<\/td>\n<td>09.00 uhr -11.30 uhr<\/td>\n<\/tr>\n<tr>\n<td>Freitag<\/td>\n<td>09.00 uhr -10.00 uhr<\/td>\n<\/tr>\n<tr>\n<td>Freitag<\/td>\n<td>15.00 uhr -17.00 uhr<\/td>\n<\/tr>\n<tr>\n<td>Samstag<\/td>\n<td>09.00 uhr -10.00 uhr<\/td>\n<\/tr>\n<tr>\n<td>Samstag<\/td>\n<td>15.00 uhr -17.00 uhr<\/td>\n<\/tr>\n<\/tbody>\n<\/table>\n<p>Zus\u00e4tzlich zu den oben genannten Empfangszeiten k\u00f6nnen Sie uns f\u00fcr Fragen und \/ oder Kommentare unter der Telefonnummer 0031-118-561462 erreichen[\/vc_column_text][\/vc_column][\/vc_row]\n<\/div>","protected":false},"excerpt":{"rendered":"<p>[vc_row][vc_column width=&#8220;1\/2&#8243;][vc_column_text]Noordendolfer 2b 4374 EJ Zoutelande tel. 0031-118-561462[\/vc_column_text][\/vc_column][vc_column width=&#8220;1\/2&#8243;][\/vc_column][\/vc_row][vc_row][vc_column width=&#8220;1\/2&#8243;][vc_column_text][\/vc_column_text][\/vc_column][vc_column width=&#8220;1\/2&#8243;][\/vc_column][\/vc_row][vc_row][vc_column][vc_column_text] Kontakformular [\/vc_column_text][vc_images_carousel images=&#8220;7040,7036&#8243; img_size=&#8220;full&#8220; speed=&#8220;2000&#8243;][\/vc_column][\/vc_row][vc_row][vc_column][vc_column_text css=&#8220;&#8220;] Ankunft\/Abreise Die H\u00e4user k\u00f6nnen bei Anreise (Freitag oder Samstag) von 15:00 bis 17:00 Uhr bezogen werden. Bei der Abreise m\u00fcssen Sie das Haus bis sp\u00e4testens 10:00 Uhr verlassen. Sollte sich herausstellen, dass Sie nicht vor 17:00 Uhr bei uns sein k\u00f6nnen, bitten wir &#8230; <\/p>\n<div><a href=\"https:\/\/degolfbreker.nl\/de\/kontakt\/\" class=\"more-link\">Read More<\/a><\/div>\n","protected":false},"author":1,"featured_media":0,"parent":0,"menu_order":0,"comment_status":"closed","ping_status":"closed","template":"template-layout-full-width.php","meta":{"footnotes":""},"class_list":["post-292","page","type-page","status-publish","hentry","no-post-thumbnail"],"_links":{"self":[{"href":"https:\/\/degolfbreker.nl\/de\/wp-json\/wp\/v2\/pages\/292","targetHints":{"allow":["GET"]}}],"collection":[{"href":"https:\/\/degolfbreker.nl\/de\/wp-json\/wp\/v2\/pages"}],"about":[{"href":"https:\/\/degolfbreker.nl\/de\/wp-json\/wp\/v2\/types\/page"}],"author":[{"embeddable":true,"href":"https:\/\/degolfbreker.nl\/de\/wp-json\/wp\/v2\/users\/1"}],"replies":[{"embeddable":true,"href":"https:\/\/degolfbreker.nl\/de\/wp-json\/wp\/v2\/comments?post=292"}],"version-history":[{"count":9,"href":"https:\/\/degolfbreker.nl\/de\/wp-json\/wp\/v2\/pages\/292\/revisions"}],"predecessor-version":[{"id":7121,"href":"https:\/\/degolfbreker.nl\/de\/wp-json\/wp\/v2\/pages\/292\/revisions\/7121"}],"wp:attachment":[{"href":"https:\/\/degolfbreker.nl\/de\/wp-json\/wp\/v2\/media?parent=292"}],"curies":[{"name":"wp","href":"https:\/\/api.w.org\/{rel}","templated":true}]}}