{"id":2518,"date":"2014-01-27T19:49:22","date_gmt":"2014-01-27T18:49:22","guid":{"rendered":"http:\/\/www.degolfbreker.nl\/zoutelande\/?page_id=2518"},"modified":"2026-02-06T14:31:33","modified_gmt":"2026-02-06T13:31:33","slug":"fazilitaeten","status":"publish","type":"page","link":"https:\/\/degolfbreker.nl\/de\/fazilitaeten\/","title":{"rendered":"Fazilit\u00e4ten"},"content":{"rendered":"<h2>Internet:<\/h2>\n<p>Wir haben Frei WLAN in unsere Wohnungen<\/p>\n<h2>Bettwasche und handtucher zu mieten<\/h2>\n<p>1 Handtuch Paket \u20ac 11,00<br \/>\n1 Pers Bettwasche Paket \u20ac 18,00<br \/>\n2 pers bettwasche Paket \u20ac 22,00<\/p>\n<h2>Waschmaschine \/ Trockner:<\/h2>\n<p>W\u00e4hrend der \u00d6ffnungszeiten der Rezeption haben Sie die M\u00f6glichkeit, ihre W\u00e4sche zu waschen und \/ oder den Trockner zu benutzen. Die Kosten f\u00fcr die W\u00e4scherei sind:<\/p>\n<p><span class=\"tlid-translation translation\" lang=\"de\"><span class=\"\" title=\"\">Waschen: 8,00 Euro<\/span><\/span><br \/>\n<span class=\"tlid-translation translation\" lang=\"de\"><span class=\"\" title=\"\">Waschen und Trocknen: 10,00 Euro<\/span><\/span><\/p>\n<h2>Kinderspielplatz:<\/h2>\n<p>Die J\u00fcngsten unter uns k\u00f6nnen auf dem Spielschiff, Schaukeln, Wippe und Karussell spielen. Zur Sicherheit haben wir einem weichen Untergrund angebracht.<\/p>\n<h2>Tischtennis \/ Tischfu\u00dfball:<\/h2>\n<p>Auf dem Park befinden sich zwei Tischtennisplatten. Jeder Bungalow verf\u00fcgt \u00fcber zwei Schl\u00e4ger und zwei Tischtennisb\u00e4lle. Tischfussball kann kostenlos von jedem genutzt werden.<\/p>\n<h2>\u201eFussball K\u00e4fig\u201c:<\/h2>\n<p>Seit 2012 gibt es einen \u201eFussball K\u00e4fig\u201c auf den Park. Um in diesem spielen zu k\u00f6nnen, sollten Sie Ihren eigenen Fu\u00dfball mitnehmen.<\/p>\n<h2>Fahrradverleih:<\/h2>\n<p style=\"font-weight: 400;\"><a href=\"https:\/\/toerpunt.nl\/\"><u>Toerpunt Zoutelande<\/u> Fahrradverleih<\/a><br \/>\nWestkapelseweg 18<br \/>\n0118-561252<\/p>\n<p style=\"font-weight: 400;\"><u><a href=\"https:\/\/www.akkerdaastweewielers.com\/fietsverhuur-domburg\/?gclid=CjwKCAjwm_SzBhAsEiwAXE2Cv3xDIedM6AMNtDH1x9uhXcxy3-H9XzJ6ZaJ2TeELLqLkjT3IAw2iUhoC8ycQAvD_BwE\">Akkerdaas Tweewielers<\/a><br \/>\n<\/u>Duinweg 9A 0118 856 638<\/p>\n<h2>Strandkabine mieten:<\/h2>\n<p>W\u00e4hrend Ihres Urlaubs k\u00f6nnen Sie eine Strandkabine bei Dingemanse VOF mieten.<\/p>\n","protected":false},"excerpt":{"rendered":"<p>Internet: Wir haben Frei WLAN in unsere Wohnungen Bettwasche und handtucher zu mieten 1 Handtuch Paket \u20ac 11,00 1 Pers Bettwasche Paket \u20ac 18,00 2 pers bettwasche Paket \u20ac 22,00 Waschmaschine \/ Trockner: W\u00e4hrend der \u00d6ffnungszeiten der Rezeption haben Sie die M\u00f6glichkeit, ihre W\u00e4sche zu waschen und \/ oder den Trockner zu benutzen. Die Kosten f\u00fcr die W\u00e4scherei sind: Waschen: &#8230; <\/p>\n<div><a href=\"https:\/\/degolfbreker.nl\/de\/fazilitaeten\/\" class=\"more-link\">Read More<\/a><\/div>\n","protected":false},"author":1,"featured_media":0,"parent":0,"menu_order":0,"comment_status":"closed","ping_status":"closed","template":"template-layout-full-width.php","meta":{"footnotes":""},"class_list":["post-2518","page","type-page","status-publish","hentry","no-post-thumbnail"],"_links":{"self":[{"href":"https:\/\/degolfbreker.nl\/de\/wp-json\/wp\/v2\/pages\/2518","targetHints":{"allow":["GET"]}}],"collection":[{"href":"https:\/\/degolfbreker.nl\/de\/wp-json\/wp\/v2\/pages"}],"about":[{"href":"https:\/\/degolfbreker.nl\/de\/wp-json\/wp\/v2\/types\/page"}],"author":[{"embeddable":true,"href":"https:\/\/degolfbreker.nl\/de\/wp-json\/wp\/v2\/users\/1"}],"replies":[{"embeddable":true,"href":"https:\/\/degolfbreker.nl\/de\/wp-json\/wp\/v2\/comments?post=2518"}],"version-history":[{"count":4,"href":"https:\/\/degolfbreker.nl\/de\/wp-json\/wp\/v2\/pages\/2518\/revisions"}],"predecessor-version":[{"id":7137,"href":"https:\/\/degolfbreker.nl\/de\/wp-json\/wp\/v2\/pages\/2518\/revisions\/7137"}],"wp:attachment":[{"href":"https:\/\/degolfbreker.nl\/de\/wp-json\/wp\/v2\/media?parent=2518"}],"curies":[{"name":"wp","href":"https:\/\/api.w.org\/{rel}","templated":true}]}}